{"id":20,"date":"2017-09-15T15:29:32","date_gmt":"2017-09-15T13:29:32","guid":{"rendered":"http:\/\/bremen-keramik.de\/?page_id=20"},"modified":"2017-09-22T17:52:24","modified_gmt":"2017-09-22T15:52:24","slug":"pflastersteine","status":"publish","type":"page","link":"http:\/\/bremen-keramik.de\/?page_id=20","title":{"rendered":"Pflastersteine"},"content":{"rendered":"<p><img fetchpriority=\"high\" decoding=\"async\" class=\"alignleft wp-image-260\" src=\"http:\/\/bremen-keramik.de\/wp-content\/uploads\/2017\/09\/IMG_8125-300x300.jpg\" alt=\"\" width=\"350\" height=\"350\" srcset=\"http:\/\/bremen-keramik.de\/wp-content\/uploads\/2017\/09\/IMG_8125-300x300.jpg 300w, http:\/\/bremen-keramik.de\/wp-content\/uploads\/2017\/09\/IMG_8125-150x150.jpg 150w, http:\/\/bremen-keramik.de\/wp-content\/uploads\/2017\/09\/IMG_8125-768x768.jpg 768w, http:\/\/bremen-keramik.de\/wp-content\/uploads\/2017\/09\/IMG_8125-1024x1024.jpg 1024w, http:\/\/bremen-keramik.de\/wp-content\/uploads\/2017\/09\/IMG_8125-100x100.jpg 100w\" sizes=\"(max-width: 350px) 100vw, 350px\" \/>Als Farbakzente in Pflasterfl\u00e4chen, Gartenmauern und Beeten:<br \/>\nDie Pflastersteine sind frostfest, belastbar und farbbest\u00e4ndig.<\/p>\n<p>In \u00fcber 30 Farben.<\/p>\n<p>Gr\u00f6\u00dfen: zwischen \u00a04-6 \/ 7-9 \/ 9-11 cm, 10x10cm sowie Sonderanfertigungen.<\/p>\n<p>runde Farbpunkte in 2 und 3cm \u00f8.<\/p>\n","protected":false},"excerpt":{"rendered":"<p>Als Farbakzente in Pflasterfl\u00e4chen, Gartenmauern und Beeten: Die Pflastersteine sind frostfest, belastbar und farbbest\u00e4ndig. In \u00fcber 30 Farben. Gr\u00f6\u00dfen: zwischen \u00a04-6 \/ 7-9 \/ 9-11 cm, 10x10cm sowie Sonderanfertigungen. runde Farbpunkte in 2 und 3cm \u00f8.<\/p>\n","protected":false},"author":1,"featured_media":24,"parent":0,"menu_order":0,"comment_status":"closed","ping_status":"closed","template":"","meta":{"footnotes":""},"_links":{"self":[{"href":"http:\/\/bremen-keramik.de\/index.php?rest_route=\/wp\/v2\/pages\/20"}],"collection":[{"href":"http:\/\/bremen-keramik.de\/index.php?rest_route=\/wp\/v2\/pages"}],"about":[{"href":"http:\/\/bremen-keramik.de\/index.php?rest_route=\/wp\/v2\/types\/page"}],"author":[{"embeddable":true,"href":"http:\/\/bremen-keramik.de\/index.php?rest_route=\/wp\/v2\/users\/1"}],"replies":[{"embeddable":true,"href":"http:\/\/bremen-keramik.de\/index.php?rest_route=%2Fwp%2Fv2%2Fcomments&post=20"}],"version-history":[{"count":8,"href":"http:\/\/bremen-keramik.de\/index.php?rest_route=\/wp\/v2\/pages\/20\/revisions"}],"predecessor-version":[{"id":262,"href":"http:\/\/bremen-keramik.de\/index.php?rest_route=\/wp\/v2\/pages\/20\/revisions\/262"}],"wp:featuredmedia":[{"embeddable":true,"href":"http:\/\/bremen-keramik.de\/index.php?rest_route=\/wp\/v2\/media\/24"}],"wp:attachment":[{"href":"http:\/\/bremen-keramik.de\/index.php?rest_route=%2Fwp%2Fv2%2Fmedia&parent=20"}],"curies":[{"name":"wp","href":"https:\/\/api.w.org\/{rel}","templated":true}]}}